{"id":794,"date":"2021-11-26T09:25:58","date_gmt":"2021-11-26T09:25:58","guid":{"rendered":"https:\/\/www.event-lighting.si\/?page_id=794"},"modified":"2021-12-13T06:57:26","modified_gmt":"2021-12-13T06:57:26","slug":"splosni-pogoji","status":"publish","type":"page","link":"https:\/\/www.event-lighting.si\/?page_id=794","title":{"rendered":"Splo\u0161ni pogoji"},"content":{"rendered":"[vc_row type=&#8221;in_container&#8221; full_screen_row_position=&#8221;middle&#8221; column_margin=&#8221;default&#8221; column_direction=&#8221;default&#8221; column_direction_tablet=&#8221;default&#8221; column_direction_phone=&#8221;default&#8221; scene_position=&#8221;center&#8221; text_color=&#8221;dark&#8221; text_align=&#8221;left&#8221; row_border_radius=&#8221;none&#8221; row_border_radius_applies=&#8221;bg&#8221; overlay_strength=&#8221;0.3&#8243; gradient_direction=&#8221;left_to_right&#8221; shape_divider_position=&#8221;bottom&#8221; bg_image_animation=&#8221;none&#8221;][vc_column column_padding=&#8221;no-extra-padding&#8221; column_padding_tablet=&#8221;inherit&#8221; column_padding_phone=&#8221;inherit&#8221; column_padding_position=&#8221;all&#8221; background_color_opacity=&#8221;1&#8243; background_hover_color_opacity=&#8221;1&#8243; column_shadow=&#8221;none&#8221; column_border_radius=&#8221;none&#8221; column_link_target=&#8221;_self&#8221; gradient_direction=&#8221;left_to_right&#8221; overlay_strength=&#8221;0.3&#8243; width=&#8221;1\/1&#8243; tablet_width_inherit=&#8221;default&#8221; tablet_text_alignment=&#8221;default&#8221; phone_text_alignment=&#8221;default&#8221; column_border_width=&#8221;none&#8221; column_border_style=&#8221;solid&#8221; bg_image_animation=&#8221;none&#8221;][vc_column_text]\n<h2 style=\"text-align: center;\">Splo\u0161ni pogoji za NAJEM OPREME<\/h2>\n<p>&nbsp;<\/p>\n<h3 style=\"font-size: 20px;\">Uvodna dolo\u010dila<\/h3>\n<p>Splo\u0161ni pogoji za najem opreme veljajo za vsa najemna razmerja, ki jih sklepa v zvezi s svojo osnovno dejavnostjo EVENT LIGHTING d.o.o. (<em>v nadaljevanju Event Lighting<\/em>) s tretjimi osebami (<em>v nadaljevanju najemnik<\/em>) po dolo\u010dbah in pod pogoji, ki so dolo\u010deni v nadaljevanju ter so sestavni del najemne pogodbe. Nasprotujo\u010di si pogoji ali druga\u010dni \u017eeleni pogoji najemnika ne morejo biti predmet pogodbe.<\/p>\n<p><em>Event Lighting<\/em> in najemnik potrdita veljavnost teh splo\u0161nih pogojev s podpisom na pogodbi o najemu opreme oz. prevzemnem dokumentu; pri \u010demer podpis najemnika pomeni izrecno izjavo, da je v celoti seznanjen z vsebino splo\u0161nih pogojev in jih v celoti sprejema. Vsakr\u0161na kr\u0161itev teh splo\u0161nih pogojev s strani najemnika, predstavlja kr\u0161itev pogodbenih dolo\u010dil ter zadosten razlog za <em>Event Lighting-ov<\/em> takoj\u0161en odstop od najemne pogodbe, katere sestavni del so ti splo\u0161ni pogoji.\u00a0 <em>Event Lighting<\/em> ima zaradi odstopa od najemne pogodbe pravico od najemnika uveljavljati povra\u010dilo nastale \u0161kode.<\/p>\n<p>Najem opreme je teritorialno omejen zgolj na podro\u010dje Slovenije in najemnik najete opreme ne sme uporabljati ali jo odpeljati izven meja R Slovenije. Brez predhodnega pisnega dovoljenja najemodajalca je prepovedano dajanje opreme v podnajem tretji osebi. V primeru najemnikovega nespo\u0161tovanja prepovedi\u00a0 strani, je <em>Event Lighting<\/em> upravi\u010den najemno pogodbo nemudoma odpovedati, najemnik pa <em>Event Lighting-u<\/em> povrniti vso nastalo \u0161kodo in izgubljeni dobi\u010dek. \u00a0Najem opreme brez teritorialne omejitve uporabe je mo\u017een le po posebnem predhodnem pisnem dogovoru med <em>Event Lighting-om<\/em> in najemnikom, kot je opredeljeno v nadaljevanju (VI. to\u010dka).<\/p>\n<p>&nbsp;<\/p>\n<h3 style=\"font-size: 20px;\">Predmet najema in njegova uporaba\/upravljanje<\/h3>\n<p>Najemnik mora najeto opremo uporabljati s skrbnostjo dobrega strokovnjaka in skladno z navodili ter ne bo dovolil, da se uporablja v nasprotju z veljavnimi predpisi. Z najeto opremo sme upravljati le poobla\u0161\u010dena oseba, ki je usposobljena za njeno upravljanje in ima izrecno pisno pooblastilo najemnika.<\/p>\n<p>Najeto opremo je prepovedano uporabljati v namene za katere ni predvidena, jo preobremenjevati ali kakor koli druga\u010de zlorabljati. Opreme najemnik ne sme uporabljati za u\u010denje, preizku\u0161anje in podobno. Brez predhodnega pisnega soglasja najemodajalca najemnik ne sme na opremi izvesti kakr\u0161nokoli spremembe ali dopolnitve (<em>ne glede na to ali bi to oviralo njuno uporabo ali ne<\/em>). \u010ce so tak\u0161ne spremembe izvedene najemnik krije vse stro\u0161ke vzpostavitve prvotnega stanja opreme ter stro\u0161ke zmanj\u0161anja vrednosti opreme.<\/p>\n<p>Najemnik najemodajalcu jam\u010di za po\u0161kodbe, ki so na napravi nastale v \u010dasu njegovega najema. Prav tako jam\u010di za po\u0161kodbe nastale zaradi tretje osebe kot tudi za izgubo naprave (<em>npr. kraja<\/em>) v \u010dasu najema. Najemnik se obvezuje upo\u0161tevati vse dolo\u010dbe splo\u0161nih pogojev in se zavezuje, da bo v primeru kr\u0161itve najemodajalcu na prvi poziv povrnil vso \u0161kodo, ki bi nastali zaradi tak\u0161nega ravnanja; pri \u010demer bo vi\u0161ino \u0161kode dolo\u010dil najemodajalec.<\/p>\n<p>&nbsp;<\/p>\n<h3 style=\"font-size: 20px;\">Obveznosti in dol\u017enosti<\/h3>\n<p>Najemodajalec odda opremo v tehni\u010dno brezhibnem, funkcionalnem in nepo\u0161kodovanem stanju ter z vsemi potrebnimi dodatki za uporabo.<\/p>\n<p>Najemnik se obvezuje, da bo prebral in se seznanil z navodili za varno delo z opremo ter bo ves \u010das trajanja najema za opremo skrbel s skrbnostjo dobrega strokovnjaka in preverjal okoli\u0161\u010dine, ki so potrebne za nemoteno delovanje in opremo ustrezno vzdr\u017eeval. Opremo mora najemnik za\u0161\u010dititi pred morebitno preobremenitvijo in jo uporabljati izklju\u010dno v skladu z njenim namenom in navodili proizvajalca, priporo\u010dili stroke in dobrimi poslovnimi obi\u010daji. Opremo mora najemnik za\u0161\u010dititi tudi pred krajo, po\u0161kodbami in neupravi\u010deno uporabo tretjih oseb, kot tudi pred vremenskimi vplivi. V primerih nasprotnih ravnanj najemnik odgovarja za vse posledice in \u0161kodo, ki bi zaradi tega nastala.<\/p>\n<p>Najemodajalec ne odgovarja za \u0161kodo nastalo zaradi nepravilne, nepoobla\u0161\u010dene ali neprimerne uporabe opreme. Z najeto opremo ni dovoljeno upravljanje pod vplivom sredstev, ki lahko vplivajo na psiho-fizi\u010dno delovanje osebe (<em>pod vplivom alkohola, mamil, zdravil ali drugih opojnih substanc<\/em>). Najemnik prevzema vso odgovornost za obveznosti, nastale zaradi neupo\u0161tevanja predpisov o upravljanju opreme ali kr\u0161enja predpisov s podro\u010dja varnosti in zdravja pri delu ali nepoobla\u0161\u010dene uporabe s strani tretje osebe.<\/p>\n<p>Po\u0161kodb ali pomanjkljivosti opreme, ki niso zavedene v prevzemni dokumentaciji, najemnik naknadno ne more uveljavljati. Vsako okvaro ali drugo pomanjkljivost opreme mora najemnik nemudoma pisno sporo\u010diti <em>Event Lightingu.<\/em> Tudi vse primere kraj ali po\u0161kodb, mora najemnik nemudoma sporo\u010diti <em>Event Lightingu.<\/em> V kolikor je vrnjena oprema po\u0161kodovana ali brez vseh dodatkov, je najemnik dol\u017ean poravnati kupnino za novo opremo (<em>mo\u017enost zmanj\u0161ane kupnine<\/em>) oz. je <em>Event Lighting<\/em> upravi\u010den do povrnitve vseh stro\u0161kov nadomestitve oz. odprave pomanjkljivosti opreme.<\/p>\n<p>Najemnik nima pravice do popravil oz. servisiranja opreme. Najemnik se obve\u017ee, da v primeru okvare takoj pisno obvesti <em>Event Lighting<\/em>. \u00a0V primeru okvare opreme <em>Event Lighting<\/em> nima nobenih obveznosti do najemojemalca (<em>npr. zamenjava opreme ali kak\u0161no drugo nadomestilo<\/em>), v kolikor ni to z najemno pogodbo izrecno dogovorjeno.<\/p>\n<p>Ob predhodni najavi je najemnik dol\u017ean <em>Event Lightingu<\/em> omogo\u010diti vstop na lokacijo, kjer se nahaja najeta oprema zaradi ob\u010dasne kontrole uporabe opreme.<\/p>\n<p>V kolikor so ugotovljene kr\u0161itve splo\u0161nih pogojev ali pogodbenih obveznosti najema, <em>Event Lighting<\/em>\u00a0 lahko opremo najemniku nemudoma odvzame; najemnik pa mu mora povrniti vse stro\u0161ke odvoza opreme ter pri tem <em>Event Lightingu<\/em> ne ovirati dostopa na lokacijo.<\/p>\n<p>&nbsp;<\/p>\n<h3 style=\"font-size: 20px;\">Postopek najema opreme: izdaja in vrnitev<\/h3>\n<p>Najemnik posreduje pisno povpra\u0161evanje na e-naslov: <a href=\"mailto:info@event-lighting.si\">info@event-lighting.si<\/a> in v njem navede: seznam opreme s potrebnimi tehni\u010dnimi lastnostmi, \u010das trajanja najema, datum \u017eeljenega prevzema in vrnitve ter lokacijo uporabe opreme. <em>Event Lighting<\/em> v najkasneje 3 delovnih dneh od prejema povpra\u0161evanja, najemniku posreduje svojo ponudbo za sklenitev najemna, katere sestavni del so ti splo\u0161ni pogoji.<\/p>\n<p>Po prejemu najemnikove pisne potrditve ponudbe <em>Event Lighting<\/em>-a in ob izpolnitvi vseh pogojev (<em>podpis najemne pogodbe oz. prevzemne dokumentacije<\/em>), <em>Event Lighting<\/em>\u00a0 najemnika pisno obvesti o terminu prevzema opremo.\u00a0 V nekaterih primerih je pred predajo predmeta najema potrebno poravnati dolo\u010deno var\u0161\u010dino.<\/p>\n<p>S podpisom pogodbe o najemu oziroma prevzemne dokumentacije najemnik potrjuje, da je opremo (<em>skupaj z navodili za uporabo in potrebnimi dodatki<\/em> <em>za uporabo<\/em>) prejel v funkcionalnem in nepo\u0161kodovanem stanju ter da mu je bilo razlo\u017eeno delovanje, varnostna navodila opreme in pravilno oz. varno ravnanje z njo. Najemnik se s tem obvezuje opremo vrniti: 1.) v takem stanju, v kakr\u0161nem jo je prejel; 2.) v kraj, kjer ga je prevzel; 3.) na dan in v \u010dasu, kot je dolo\u010deno v pogodbi, sicer mu ima<em> Event Lighting<\/em> pravico zara\u010dunati najemnino in zamudnino v vi\u0161ini 100% pribitka na ceno dnevnega najema opreme opredeljene v ponudbi.<\/p>\n<p>Oprema je v vsakem \u010dasu neodtujljiva last najemodajalca. Opremo mora najemnik vrniti o\u010di\u0161\u010deno in pripravljeno za nadaljnjo uporabo, vklju\u010dno z vsemi dodatki za uporabo. Vse okvare na napravi mora najemnik takoj prijaviti. V primeru, da naprava ni vrnjena nepo\u0161kodovana, o\u010di\u0161\u010dena in z vsemi dodatki, je najemodajalec upravi\u010den zara\u010dunati stro\u0161ke odpravljanja pomanjkljivosti, popravil in \u010di\u0161\u010denja.<\/p>\n<p>&nbsp;<\/p>\n<h3 style=\"font-size: 20px;\">Cena in trajanje<\/h3>\n<p>Najem se obra\u010duna po pogojih, ki so navedeni v vsakokrat veljavnem ceniku <em>Event Lighting-a<\/em> oziroma je navedeno v potrjeni ponudbi<em>, <\/em>prevzemni dokumentaciji ali v najemni pogodbi. <em>Event Lighting <\/em>si pridr\u017euje si pravico do sprememb veljavnega cenika brez predhodne najave!<\/p>\n<p>Najem opreme se vr\u0161i po dogovoru za dobo enega ali ve\u010d dni. 1 (en) dan najema je enak obdobju 24 ur od ure najema. Prekora\u010ditev do 2 ur se ne zara\u010duna, po preteku tega \u010dasa ima najemodajalec pravico zara\u010dunati najemnino in zamudnino v vi\u0161ini 100% pribitka na ceno dnevnega najema opreme.<\/p>\n<p>Podalj\u0161anje je mogo\u010de le na podlagi pisnega potrdila najemodajalcu o podalj\u0161anju. Oseba, ki prevzame opremo in podalj\u0161a pogodbo, je seznanjena, da je polno osebno odgovorna za pla\u010dilo najemnine skupaj z osebo, dru\u017ebo ali organizacijo, v imenu katere prevzema opremo.<\/p>\n<p>&nbsp;<\/p>\n<h3 style=\"font-size: 20px;\">Uporaba opreme v tujini<\/h3>\n<p>Za uporabo najete opreme izven obmo\u010dja R Slovenije mora najemnik dobiti predhodno pisno soglasje najemodajalca. Najemnik ne sme pustiti opreme nezaklenjene in nezavarovane. Kadar ostane najeta oprema preko no\u010di ali ve\u010d dni v tujini, jo je najemnik dol\u017ean zavarovati z vsemi mo\u017enimi sredstvi oz. mora najemnik <em>Event Lighting<\/em> priskrbeti ustrezno ban\u010dno garancijo za \u010das trajanja pogodbe o najemu ali pla\u010dati var\u0161\u010dino v vi\u0161ini vrednosti predmeta pogodbe.<\/p>\n<p>Vse stro\u0161ke v zvezi z uporabo opreme v tujini nosi najemnik. V primeru kraje ali po\u0161kodbe najete opreme <em>Event Lighting<\/em> nima do najemnika nobenih obveznosti (<em>npr. zamenjava opreme<\/em>..).<\/p>\n<p>&nbsp;<\/p>\n<h3 style=\"font-size: 20px;\">Zavarovanje<\/h3>\n<p><em>Event Lighting <\/em>ima sklenjeno zavarovanje splo\u0161ne odgovornosti iz poslovanja (opravljanja dejavnosti), pri \u010demer <em>Event Lighting <\/em>ne prevzema nobene odgovornosti za posledice in \u0161kodo nastalo v \u010dasu najema zaradi najemnikove neprimerne uporabe opreme, nespo\u0161tovanja veljavnih predpisov, navodil proizvajalca opreme, navodil za varno delo ali \u010de z napravo upravlja nekvalificirana oseb oziroma nastale po\u0161kodbe, ki ogro\u017eajo \u010dlove\u0161ko \u017eivljenje in zdravje, kot tudi ne za pravice iz zakona o jamstvu izdelkov.<\/p>\n<p>Najemnik krije vse stro\u0161ke in materialno odgovarja za \u0161kodo, ki v \u010dasu \u00a0najema opreme nastane namenoma ali zaradi njegove malomarnosti, oz., \u010de kr\u0161i pogodbena dolo\u010dila:<\/p>\n<ul>\n<li>zaradi nepravilne ali neprimerne uporabe opreme;<\/li>\n<li>zaradi povzro\u010ditve \u0161kode tretji osebi zaradi \u0161kode, povzro\u010dene namenoma ali iz hude malomarnosti;<\/li>\n<li>ker upravljalec ravna z opremo v nasprotju s predpisi s podro\u010dja varnosti in zdravja pri delu ali ni bil strokovno usposobljen;<\/li>\n<li>\u010de je z najeto opremo upravljala nepoobla\u0161\u010dena oseba;<\/li>\n<li>\u010de oprema po\u0161koduje tretje osebe ali njihovo premo\u017eenje.<\/li>\n<\/ul>\n<p>Prav tako najemnik odgovarja za po\u0161kodbe, ki jih povzro\u010dijo tretje osebe kot tudi za po\u0161kodovanje, izgubo ali odtujitev naprave (npr. tatvina) v \u010dasu najema.<\/p>\n<p>Morebitne izjeme so izrecno opredeljene z najemno pogodbo. Najemnik se zavezuje najemodajalcu na prvi poziv povrnil vso \u0161kodo, ki bi mu zaradi tega nastala.<\/p>\n<p>&nbsp;<\/p>\n<h3 style=\"font-size: 20px;\">Re\u0161evanje sporov<\/h3>\n<p>Vsa dolo\u010dila, ki niso zajeta v teh splo\u0161nih pogojih so lahko podrobneje opredeljena z najemno pogodbo, ki jo skleneta najemodajalec in najemnik.<\/p>\n<p>V \u010dasu trajanja najema najemne pogodbe ni mogo\u010de spremeniti, razen, \u010de se o spremembi sporazumeta obe pogodbeni stranki.<\/p>\n<p>Stranki si bosta prizadevali spore re\u0161evati na miroljuben na\u010din. V kolikor tak\u0161na re\u0161itev ni mo\u017ena, je za re\u0161evanje sporov iz pogodbe o najemu je pristojno sodi\u0161\u010de v Ljubljani.<\/p>\n<p>&nbsp;<\/p>\n<p>Ljubljana, Oktober 2019<\/p>\n<p>EVENT LIGHTING d.o.o.,<\/p>\n<p>Direktor: Jernej Gu\u0161tin[\/vc_column_text][\/vc_column][\/vc_row][vc_row type=&#8221;full_width_background&#8221; full_screen_row_position=&#8221;middle&#8221; column_margin=&#8221;default&#8221; column_direction=&#8221;default&#8221; column_direction_tablet=&#8221;default&#8221; column_direction_phone=&#8221;default&#8221; bg_color=&#8221;#999a9c&#8221; scene_position=&#8221;center&#8221; text_color=&#8221;dark&#8221; text_align=&#8221;left&#8221; row_border_radius=&#8221;none&#8221; row_border_radius_applies=&#8221;bg&#8221; overlay_strength=&#8221;0.3&#8243; gradient_direction=&#8221;left_to_right&#8221; shape_divider_position=&#8221;bottom&#8221; bg_image_animation=&#8221;none&#8221; shape_type=&#8221;&#8221;][vc_column column_padding=&#8221;padding-5-percent&#8221; column_padding_tablet=&#8221;inherit&#8221; column_padding_phone=&#8221;inherit&#8221; column_padding_position=&#8221;top&#8221; constrain_group_1=&#8221;yes&#8221; constrain_group_2=&#8221;yes&#8221; background_color_opacity=&#8221;1&#8243; background_hover_color_opacity=&#8221;1&#8243; column_shadow=&#8221;none&#8221; column_border_radius=&#8221;none&#8221; column_link_target=&#8221;_self&#8221; gradient_direction=&#8221;left_to_right&#8221; overlay_strength=&#8221;0.3&#8243; width=&#8221;1\/1&#8243; tablet_width_inherit=&#8221;default&#8221; tablet_text_alignment=&#8221;default&#8221; phone_text_alignment=&#8221;default&#8221; column_border_width=&#8221;none&#8221; column_border_style=&#8221;solid&#8221; bg_image_animation=&#8221;none&#8221;][vc_raw_html]JTNDZGl2JTIwc3R5bGUlM0QlMjJiYWNrZ3JvdW5kLWNvbG9yJTNBJTIzMDAwJTNCJTIwY29sb3IlM0ElMjNmZmYlM0IlMjBmb250LXNpemUlM0ExOHB4JTNCJTIwd2lkdGglM0EyMDBweCUzQiUyMHBhZGRpbmclM0ExMHB4JTIwMjBweCUzQiUyMHRleHQtYWxpZ24lM0FjZW50ZXIlM0IlMjBmb250LXdlaWdodCUzQWJvbGQlM0IlMjIlM0VLb250YWt0JTNDJTJGZGl2JTNF[\/vc_raw_html][vc_raw_html]JTVCd3Bmb3JtcyUyMGlkJTNEJTIyMzklMjIlNUQ=[\/vc_raw_html][\/vc_column][\/vc_row][vc_row type=&#8221;full_width_background&#8221; full_screen_row_position=&#8221;middle&#8221; column_margin=&#8221;default&#8221; column_direction=&#8221;default&#8221; column_direction_tablet=&#8221;default&#8221; column_direction_phone=&#8221;default&#8221; bg_color=&#8221;#999a9c&#8221; scene_position=&#8221;center&#8221; text_color=&#8221;dark&#8221; text_align=&#8221;left&#8221; row_border_radius=&#8221;none&#8221; row_border_radius_applies=&#8221;bg&#8221; overlay_strength=&#8221;0.3&#8243; gradient_direction=&#8221;left_to_right&#8221; shape_divider_position=&#8221;bottom&#8221; bg_image_animation=&#8221;none&#8221; shape_type=&#8221;&#8221;][vc_column column_padding=&#8221;no-extra-padding&#8221; column_padding_tablet=&#8221;inherit&#8221; column_padding_phone=&#8221;inherit&#8221; column_padding_position=&#8221;all&#8221; background_color_opacity=&#8221;1&#8243; background_hover_color_opacity=&#8221;1&#8243; column_shadow=&#8221;none&#8221; column_border_radius=&#8221;none&#8221; column_link_target=&#8221;_self&#8221; gradient_direction=&#8221;left_to_right&#8221; overlay_strength=&#8221;0.3&#8243; width=&#8221;1\/1&#8243; tablet_width_inherit=&#8221;default&#8221; tablet_text_alignment=&#8221;default&#8221; phone_text_alignment=&#8221;default&#8221; column_border_width=&#8221;none&#8221; column_border_style=&#8221;solid&#8221; bg_image_animation=&#8221;none&#8221;][divider line_type=&#8221;No Line&#8221; custom_height=&#8221;100px&#8221;][vc_raw_html]JTNDZGl2JTIwc3R5bGUlM0QlMjJib3JkZXIlM0ElMjAxcHglMjBzb2xpZCUyMCUyM2NjYyUzQiUyMiUzRSUzQyUyRmRpdiUzRQ==[\/vc_raw_html][\/vc_column][\/vc_row][vc_row type=&#8221;full_width_background&#8221; full_screen_row_position=&#8221;middle&#8221; column_margin=&#8221;default&#8221; column_direction=&#8221;default&#8221; column_direction_tablet=&#8221;default&#8221; column_direction_phone=&#8221;default&#8221; bg_color=&#8221;#999a9c&#8221; scene_position=&#8221;center&#8221; text_color=&#8221;light&#8221; text_align=&#8221;left&#8221; row_border_radius=&#8221;none&#8221; row_border_radius_applies=&#8221;bg&#8221; overlay_strength=&#8221;0.3&#8243; gradient_direction=&#8221;left_to_right&#8221; shape_divider_position=&#8221;bottom&#8221; bg_image_animation=&#8221;none&#8221; shape_type=&#8221;&#8221;][vc_column column_padding=&#8221;padding-2-percent&#8221; column_padding_tablet=&#8221;inherit&#8221; column_padding_phone=&#8221;inherit&#8221; column_padding_position=&#8221;top-bottom&#8221; background_color_opacity=&#8221;1&#8243; background_hover_color_opacity=&#8221;1&#8243; column_shadow=&#8221;none&#8221; column_border_radius=&#8221;none&#8221; column_link_target=&#8221;_self&#8221; gradient_direction=&#8221;left_to_right&#8221; overlay_strength=&#8221;0.3&#8243; width=&#8221;4\/12&#8243; tablet_width_inherit=&#8221;default&#8221; tablet_text_alignment=&#8221;default&#8221; phone_text_alignment=&#8221;default&#8221; column_border_width=&#8221;none&#8221; column_border_style=&#8221;solid&#8221; bg_image_animation=&#8221;none&#8221;][vc_raw_html]JTNDcCUyMHN0eWxlJTNEJTIyZm9udC1zaXplJTNBMjBweCUzQiUyMG1hcmdpbi1ib3R0b20lM0EwJTNCJTIwcGFkZGluZy1ib3R0b20lM0EwLjVlbSUzQiUyMiUzRUV2ZW50JTIwTGlnaHRpbmclMjBkLm8uby4lM0MlMkZwJTNFJTBBJTNDZGl2JTIwc3R5bGUlM0QlMjJmbG9hdCUzQWxlZnQlM0IlMjAlMjBtYXJnaW4tcmlnaHQlM0ExNXB4JTNCJTIyJTNFJTBBJTIwJTIwJTNDaW1nJTIwc3JjJTNEJTIyd3AtY29udGVudCUyRnVwbG9hZHMlMkYyMDIxJTJGMDYlMkZwaW4ucG5nJTIyJTNFJTBBJTNDJTJGZGl2JTNFJTBBJTBBJTNDZGl2JTIwc3R5bGUlM0QlMjJmbG9hdCUzQWxlZnQlM0IlMjIlM0UlMEElMjAlMjAlMjAlMjAlM0NwJTIwc3R5bGUlM0QlMjJmb250LXNpemUlM0EyMHB4JTNCJTIwcGFkZGluZyUzQTAlM0IlMjBtYXJnaW4lM0EwJTNCJTIyJTNFU3RlZ25lJTIwMyUzQ2JyJTNFJTBBMTAwMCUyMExqdWJsamFuYSUzQyUyRnAlM0UlMEElM0MlMkZkaXYlM0UlMEElMEElM0NkaXYlMjBzdHlsZSUzRCUyMmNsZWFyJTNBYm90aCUzQiUyMiUzRSUzQyUyRmRpdiUzRSUwQSUwQSUzQ3AlMjBzdHlsZSUzRCUyMmZvbnQtc2l6ZSUzQTIwcHglM0IlMjIlM0VUZWxlZm9uJTNBJTIwJTJCMzg2JTIwNDAlMjA2MyUyMDYzJTIwODAlM0NiciUzRSUwQUVtYWlsJTNBJTIwaW5mbyU0MGV2ZW50LWxpZ2h0aW5nLnNpJTNDJTJGcCUzRQ==[\/vc_raw_html][\/vc_column][vc_column column_padding=&#8221;no-extra-padding&#8221; column_padding_tablet=&#8221;inherit&#8221; column_padding_phone=&#8221;inherit&#8221; column_padding_position=&#8221;all&#8221; background_color_opacity=&#8221;1&#8243; background_hover_color_opacity=&#8221;1&#8243; column_shadow=&#8221;none&#8221; column_border_radius=&#8221;none&#8221; column_link_target=&#8221;_self&#8221; gradient_direction=&#8221;left_to_right&#8221; overlay_strength=&#8221;0.3&#8243; width=&#8221;5\/12&#8243; tablet_width_inherit=&#8221;default&#8221; tablet_text_alignment=&#8221;default&#8221; phone_text_alignment=&#8221;default&#8221; column_border_width=&#8221;none&#8221; column_border_style=&#8221;solid&#8221; bg_image_animation=&#8221;none&#8221;][\/vc_column][vc_column column_padding=&#8221;padding-2-percent&#8221; column_padding_tablet=&#8221;inherit&#8221; column_padding_phone=&#8221;inherit&#8221; column_padding_position=&#8221;top-bottom&#8221; centered_text=&#8221;true&#8221; background_color_opacity=&#8221;1&#8243; background_hover_color_opacity=&#8221;1&#8243; column_shadow=&#8221;none&#8221; column_border_radius=&#8221;none&#8221; column_link_target=&#8221;_self&#8221; gradient_direction=&#8221;left_to_right&#8221; overlay_strength=&#8221;0.3&#8243; width=&#8221;3\/12&#8243; tablet_width_inherit=&#8221;default&#8221; tablet_text_alignment=&#8221;default&#8221; phone_text_alignment=&#8221;default&#8221; column_border_width=&#8221;none&#8221; column_border_style=&#8221;solid&#8221; bg_image_animation=&#8221;none&#8221;][image_with_animation image_url=&#8221;49&#8243; animation=&#8221;Fade In&#8221; hover_animation=&#8221;none&#8221; alignment=&#8221;right&#8221; border_radius=&#8221;none&#8221; box_shadow=&#8221;none&#8221; image_loading=&#8221;default&#8221; max_width=&#8221;100%&#8221; max_width_mobile=&#8221;default&#8221; el_class=&#8221;footer_logo&#8221;][\/vc_column][\/vc_row][vc_row type=&#8221;full_width_background&#8221; full_screen_row_position=&#8221;middle&#8221; column_margin=&#8221;default&#8221; column_direction=&#8221;default&#8221; column_direction_tablet=&#8221;default&#8221; column_direction_phone=&#8221;default&#8221; bg_color=&#8221;#999a9c&#8221; scene_position=&#8221;center&#8221; text_color=&#8221;dark&#8221; text_align=&#8221;left&#8221; row_border_radius=&#8221;none&#8221; row_border_radius_applies=&#8221;bg&#8221; overlay_strength=&#8221;0.3&#8243; gradient_direction=&#8221;left_to_right&#8221; shape_divider_position=&#8221;bottom&#8221; bg_image_animation=&#8221;none&#8221; shape_type=&#8221;&#8221;][vc_column column_padding=&#8221;no-extra-padding&#8221; column_padding_tablet=&#8221;inherit&#8221; column_padding_phone=&#8221;inherit&#8221; column_padding_position=&#8221;all&#8221; background_color_opacity=&#8221;1&#8243; background_hover_color_opacity=&#8221;1&#8243; column_shadow=&#8221;none&#8221; column_border_radius=&#8221;none&#8221; column_link_target=&#8221;_self&#8221; gradient_direction=&#8221;left_to_right&#8221; overlay_strength=&#8221;0.3&#8243; width=&#8221;1\/1&#8243; tablet_width_inherit=&#8221;default&#8221; tablet_text_alignment=&#8221;default&#8221; phone_text_alignment=&#8221;default&#8221; column_border_width=&#8221;none&#8221; column_border_style=&#8221;solid&#8221; bg_image_animation=&#8221;none&#8221;][vc_raw_html]JTNDZGl2JTIwc3R5bGUlM0QlMjJib3JkZXIlM0ElMjAxcHglMjBzb2xpZCUyMCUyM2NjYyUzQiUyMiUzRSUzQyUyRmRpdiUzRQ==[\/vc_raw_html][\/vc_column][\/vc_row]\n","protected":false},"excerpt":{"rendered":"<p>[vc_row type=&#8221;in_container&#8221; full_screen_row_position=&#8221;middle&#8221; column_margin=&#8221;default&#8221; column_direction=&#8221;default&#8221; column_direction_tablet=&#8221;default&#8221; column_direction_phone=&#8221;default&#8221; scene_position=&#8221;center&#8221; text_color=&#8221;dark&#8221; text_align=&#8221;left&#8221; row_border_radius=&#8221;none&#8221; row_border_radius_applies=&#8221;bg&#8221; overlay_strength=&#8221;0.3&#8243; gradient_direction=&#8221;left_to_right&#8221; shape_divider_position=&#8221;bottom&#8221; bg_image_animation=&#8221;none&#8221;][vc_column column_padding=&#8221;no-extra-padding&#8221; column_padding_tablet=&#8221;inherit&#8221; column_padding_phone=&#8221;inherit&#8221; column_padding_position=&#8221;all&#8221; background_color_opacity=&#8221;1&#8243; background_hover_color_opacity=&#8221;1&#8243; column_shadow=&#8221;none&#8221; column_border_radius=&#8221;none&#8221; column_link_target=&#8221;_self&#8221; gradient_direction=&#8221;left_to_right&#8221; overlay_strength=&#8221;0.3&#8243; width=&#8221;1\/1&#8243; tablet_width_inherit=&#8221;default&#8221; tablet_text_alignment=&#8221;default&#8221;&#8230;<\/p>\n","protected":false},"author":1,"featured_media":0,"parent":0,"menu_order":0,"comment_status":"closed","ping_status":"closed","template":"","meta":[],"_links":{"self":[{"href":"https:\/\/www.event-lighting.si\/index.php?rest_route=\/wp\/v2\/pages\/794"}],"collection":[{"href":"https:\/\/www.event-lighting.si\/index.php?rest_route=\/wp\/v2\/pages"}],"about":[{"href":"https:\/\/www.event-lighting.si\/index.php?rest_route=\/wp\/v2\/types\/page"}],"author":[{"embeddable":true,"href":"https:\/\/www.event-lighting.si\/index.php?rest_route=\/wp\/v2\/users\/1"}],"replies":[{"embeddable":true,"href":"https:\/\/www.event-lighting.si\/index.php?rest_route=%2Fwp%2Fv2%2Fcomments&post=794"}],"version-history":[{"count":11,"href":"https:\/\/www.event-lighting.si\/index.php?rest_route=\/wp\/v2\/pages\/794\/revisions"}],"predecessor-version":[{"id":823,"href":"https:\/\/www.event-lighting.si\/index.php?rest_route=\/wp\/v2\/pages\/794\/revisions\/823"}],"wp:attachment":[{"href":"https:\/\/www.event-lighting.si\/index.php?rest_route=%2Fwp%2Fv2%2Fmedia&parent=794"}],"curies":[{"name":"wp","href":"https:\/\/api.w.org\/{rel}","templated":true}]}}